{"id":5,"date":"2023-02-24T03:37:06","date_gmt":"2023-02-24T03:37:06","guid":{"rendered":"https:\/\/xaydunglehoang.com\/?page_id=5"},"modified":"2025-02-18T04:10:52","modified_gmt":"2025-02-18T04:10:52","slug":"trang-chu","status":"publish","type":"page","link":"https:\/\/xaydunglehoang.com\/","title":{"rendered":"TRANG CH\u1ee6"},"content":{"rendered":"<div class=\"wpb-content-wrapper\">[vc_row][vc_column][vc_raw_html]JTVCbWFzdGVyc2xpZGVyJTIwaWQlM0QlMjIxJTIyJTVE[\/vc_raw_html][\/vc_column][\/vc_row][vc_row][vc_column][vc_row_inner][vc_column_inner width=&#8221;1\/3&#8243;][mk_padding_divider][vc_icon icon_fontawesome=&#8221;fa fa-gg-circle&#8221; color=&#8221;custom&#8221; background_style=&#8221;rounded-less&#8221; background_color=&#8221;custom&#8221; size=&#8221;xl&#8221; align=&#8221;center&#8221; custom_color=&#8221;#ffffff&#8221; custom_background_color=&#8221;#f3a700&#8243;][vc_column_text css=&#8221;.vc_custom_1739851759660{margin-bottom: 0px !important;}&#8221;]\n<p style=\"text-align: center;\"><a tabindex=\"0\" title=\"B\u00e1o gi\u00e1 thi\u1ebft k\u1ebf ki\u1ebfn tr\u00fac\" href=\"https:\/\/xaydunglehoang.com\/2023\/02\/27\/bang-bao-gia-thiet-ke-kien-truc\/\"><strong>B\u00e1o gi\u00e1 thi\u1ebft k\u1ebf ki\u1ebfn tr\u00fac<\/strong><\/a><br \/>\nT\u1eeb th\u00e1ng 1 n\u0103m 2025, X\u00e2y D\u1ef1ng L\u00ea Ho\u00e0ng;ch\u00ednh th\u1ee9c \u00e1p d\u1ee5ng \u0111\u01a1n gi\u00e1 thi\u1ebft k\u1ebf m\u1edbi v\u1edbi 3 lo\u1ea1i \u0111\u01a1n gi\u00e1 thi\u1ebft k\u1ebf ch\u00ednh nh\u01b0 \u0111\u01b0\u1ee3c li\u1ec7t k\u00ea b\u00ean d\u01b0\u1edbi<\/p>\n[\/vc_column_text][mk_button size=&#8221;medium&#8221; icon=&#8221;mk-icon-anchor&#8221; url=&#8221;https:\/\/xaydunglehoang.com\/2023\/02\/27\/bao-gia-thi-cong-hoan-thien\/&#8221; align=&#8221;center&#8221; margin_bottom=&#8221;1&#8243; bg_color=&#8221;#f3a700&#8243;]XEM B\u00c1O GI\u00c1[\/mk_button][\/vc_column_inner][vc_column_inner width=&#8221;1\/3&#8243;][mk_padding_divider][vc_icon icon_fontawesome=&#8221;fa fa-bolt&#8221; color=&#8221;custom&#8221; background_style=&#8221;rounded-less&#8221; background_color=&#8221;custom&#8221; size=&#8221;xl&#8221; align=&#8221;center&#8221; custom_color=&#8221;#ffffff&#8221; custom_background_color=&#8221;#f3a700&#8243;][vc_column_text css=&#8221;.vc_custom_1677487025637{margin-bottom: 0px !important;}&#8221;]\n<p style=\"text-align: center;\"><a tabindex=\"0\" title=\"B\u00e1o gi\u00e1 x\u00e2y d\u1ef1ng ph\u1ea7n th\u00f4\" href=\"https:\/\/xaydunglehoang.com\/2023\/02\/27\/bao-gia-xay-dung-phan-tho\/\"><strong>B\u00e1o gi\u00e1 x\u00e2y d\u1ef1ng ph\u1ea7n th\u00f4<\/strong><\/a><br \/>\nV\u1eady d\u1ecbch v\u1ee5 x\u00e2y d\u1ef1ng th\u00f4 c\u1ee7a X\u00e2y D\u1ef1ng L\u00ea Ho\u00e0ng s\u1ebd \u0111\u01b0\u1ee3c t\u00f3m g\u1ecdn trong c\u00e1c ph\u00e2n \u0111o\u1ea1n ch\u00ednh sau, m\u1ed7i ph\u00e2n \u0111o\u1ea1n l\u00e0 m\u1ed9t h\u1ea1ng m\u1ee5c m\u00e0 X\u00e2y D\u1ef1ng L\u00ea Ho\u00e0ng t\u00e1ch r\u1eddi&#8230;<\/p>\n[\/vc_column_text][mk_button size=&#8221;medium&#8221; icon=&#8221;mk-icon-anchor&#8221; url=&#8221;https:\/\/xaydunglehoang.com\/2023\/02\/27\/bao-gia-xay-dung-phan-tho\/&#8221; align=&#8221;center&#8221; margin_bottom=&#8221;1&#8243; bg_color=&#8221;#f3a700&#8243;]XEM B\u00c1O GI\u00c1[\/mk_button][\/vc_column_inner][vc_column_inner width=&#8221;1\/3&#8243;][mk_padding_divider][vc_icon icon_fontawesome=&#8221;fa fa-snowflake-o&#8221; color=&#8221;custom&#8221; background_style=&#8221;rounded-less&#8221; background_color=&#8221;custom&#8221; size=&#8221;xl&#8221; align=&#8221;center&#8221; custom_color=&#8221;#ffffff&#8221; custom_background_color=&#8221;#f3a700&#8243;][vc_column_text css=&#8221;.vc_custom_1677487035228{margin-bottom: 0px !important;}&#8221;]\n<p style=\"text-align: center;\"><a tabindex=\"0\" title=\"B\u00e1o gi\u00e1 thi c\u00f4ng ho\u00e0n thi\u1ec7n\" href=\"https:\/\/xaydunglehoang.com\/2023\/02\/27\/bang-bao-gia-thiet-ke-kien-truc\/\"><strong>B\u00e1o gi\u00e1 thi c\u00f4ng ho\u00e0n thi\u1ec7n<\/strong><\/a><br \/>\nB\u1ea1n s\u1ee3 r\u1eb1ng vi\u1ec7c t\u1ef1 m\u00ecnh \u0111i l\u1ef1a ch\u1ecdn c\u00e1c s\u1ea3n ph\u1ea9m, h\u1ea1ng m\u1ee5c ho\u00e0n thi\u1ec7n s\u1ebd r\u1ea5t \u0111au \u0111\u1ea7u, r\u1ea5t m\u1ec7t, qu\u1ef9 th\u1eddi gian c\u1ee7a b\u1ea1n th\u00ec eo h\u1eb9p, s\u1ee3 l\u1ef1a nhanh s\u1ebd kh\u00f4ng v\u1eeba \u00fd&#8230;<\/p>\n[\/vc_column_text][mk_button size=&#8221;medium&#8221; icon=&#8221;mk-icon-anchor&#8221; url=&#8221;https:\/\/xaydunglehoang.com\/2023\/02\/27\/bang-bao-gia-thiet-ke-kien-truc\/&#8221; align=&#8221;center&#8221; margin_bottom=&#8221;1&#8243; bg_color=&#8221;#f3a700&#8243;]XEM B\u00c1O GI\u00c1[\/mk_button][\/vc_column_inner][\/vc_row_inner][mk_padding_divider size=&#8221;64&#8243;][\/vc_column][\/vc_row][vc_row][vc_column width=&#8221;5\/12&#8243;][vc_video link=&#8221;https:\/\/youtu.be\/AV9vjZbPllo&#8221;][vc_video link=&#8221;https:\/\/youtu.be\/VBhfzcq1xX4&#8243;][mk_padding_divider][\/vc_column][vc_column width=&#8221;7\/12&#8243; el_class=&#8221;hoaidanhbox1&#8243;][vc_raw_html]JTVCcHRfdmlldyUyMGlkJTNEJTIyYTUzYmEyOHlzYiUyMiU1RA==[\/vc_raw_html][\/vc_column][\/vc_row][vc_row][vc_column][mk_padding_divider size=&#8221;15&#8243;][vc_single_image image=&#8221;333&#8243; img_size=&#8221;full&#8221; alignment=&#8221;center&#8221;][\/vc_column][\/vc_row][vc_row][vc_column][mk_fancy_title margin_bottom=&#8221;0&#8243; font_family=&#8221;none&#8221;]\n<h2 class=\"td_1\" style=\"text-align: center;\">THI\u1ebeT K\u1ebe \u0110\u00c3 HO\u00c0N TH\u00c0NH<\/h2>\n[\/mk_fancy_title][vc_single_image image=&#8221;72&#8243; img_size=&#8221;full&#8221; alignment=&#8221;center&#8221;][mk_portfolio height=&#8221;280&#8243; column=&#8221;4&#8243; excerpt_length=&#8221;0&#8243; meta_type=&#8221;none&#8221; count=&#8221;8&#8243; sortable_align=&#8221;center&#8221; categories=&#8221;biet-thu, nha-pho, nha-cap-4, cong-trinh-khac&#8221;][mk_padding_divider][\/vc_column][\/vc_row][vc_row][vc_column][mk_fancy_title margin_bottom=&#8221;0&#8243; font_family=&#8221;none&#8221;]\n<h2 class=\"td_1\" style=\"text-align: center;\">THI C\u00d4NG \u0110\u00c3 HO\u00c0N TH\u00c0NH<\/h2>\n[\/mk_fancy_title][vc_single_image image=&#8221;72&#8243; img_size=&#8221;full&#8221; alignment=&#8221;center&#8221;][mk_portfolio height=&#8221;280&#8243; column=&#8221;4&#8243; excerpt_length=&#8221;0&#8243; meta_type=&#8221;none&#8221; count=&#8221;8&#8243; sortable_align=&#8221;center&#8221; categories=&#8221;biet-thu-thi-cong-da-hoan-thanh, nha-pho-thi-cong-da-hoan-thanh, nha-cap-4-thi-cong-da-hoan-thanh, cong-trinh-khac-thi-cong-da-hoan-thanh&#8221;][mk_padding_divider][\/vc_column][\/vc_row][vc_row][vc_column][mk_fancy_title margin_bottom=&#8221;0&#8243; font_family=&#8221;none&#8221;]\n<h2 class=\"td_1\" style=\"text-align: center;\">D\u1ef0 \u00c1N \u0110ANG THI C\u00d4NG<\/h2>\n[\/mk_fancy_title][vc_single_image image=&#8221;72&#8243; img_size=&#8221;full&#8221; alignment=&#8221;center&#8221;][mk_portfolio height=&#8221;280&#8243; column=&#8221;4&#8243; excerpt_length=&#8221;0&#8243; meta_type=&#8221;none&#8221; count=&#8221;8&#8243; sortable_align=&#8221;center&#8221; categories=&#8221;biet-thu-du-an-dang-thi-cong, nha-pho-du-an-dang-thi-cong, nha-cap-4-du-an-dang-thi-cong, cong-trinh-khac-du-an-dang-thi-cong&#8221;][mk_padding_divider][\/vc_column][\/vc_row][vc_row fullwidth=&#8221;true&#8221; fullwidth_content=&#8221;false&#8221; css=&#8221;.vc_custom_1677491632568{background-image: url(https:\/\/xaydunglehoang.com\/wp-content\/uploads\/2023\/02\/bg_yk.png?id=237) !important;background-position: center !important;background-repeat: no-repeat !important;background-size: cover !important;}&#8221;][vc_column width=&#8221;1\/3&#8243;][mk_padding_divider]<noscript class=\"ninja-forms-noscript-message\">\n\tL\u01b0u \u00fd: C\u1ea7n ph\u1ea3i c\u00f3 JavaScript v\u1edbi n\u1ed9i dung n\u00e0y.<\/noscript>\n<div id=\"nf-form-3-cont\" class=\"nf-form-cont\" aria-live=\"polite\" aria-labelledby=\"nf-form-title-3\" aria-describedby=\"nf-form-errors-3\" role=\"form\">\n\n    <div class=\"nf-loading-spinner\"><\/div>\n\n<\/div>\n        <!-- That data is being printed as a workaround to page builders reordering the order of the scripts loaded-->\n        <script>var formDisplay=1;var nfForms=nfForms||[];var form=[];form.id='3';form.settings={\"objectType\":\"Form Setting\",\"editActive\":true,\"title\":\"TH\\u00d4NG TIN B\\u00c1O GI\\u00c1\",\"created_at\":\"2016-08-24 16:39:20\",\"form_title\":\"Contact Me\",\"default_label_pos\":\"above\",\"show_title\":\"1\",\"clear_complete\":\"1\",\"hide_complete\":\"1\",\"logged_in\":\"0\",\"key\":\"\",\"conditions\":[],\"wrapper_class\":\"\",\"element_class\":\"\",\"add_submit\":\"1\",\"not_logged_in_msg\":\"\",\"sub_limit_number\":\"\",\"sub_limit_msg\":\"\",\"calculations\":[],\"formContentData\":[\"name\",\"phone_1677485050543\",\"email\",\"noi_dung_1677485115815\",\"dang_ky_ngay_1677485089928\"],\"container_styles_background-color\":\"\",\"container_styles_border\":\"\",\"container_styles_border-style\":\"\",\"container_styles_border-color\":\"\",\"container_styles_color\":\"\",\"container_styles_height\":\"\",\"container_styles_width\":\"\",\"container_styles_font-size\":\"\",\"container_styles_margin\":\"\",\"container_styles_padding\":\"\",\"container_styles_display\":\"\",\"container_styles_float\":\"\",\"container_styles_show_advanced_css\":\"0\",\"container_styles_advanced\":\"\",\"title_styles_background-color\":\"\",\"title_styles_border\":\"\",\"title_styles_border-style\":\"\",\"title_styles_border-color\":\"\",\"title_styles_color\":\"\",\"title_styles_height\":\"\",\"title_styles_width\":\"\",\"title_styles_font-size\":\"\",\"title_styles_margin\":\"\",\"title_styles_padding\":\"\",\"title_styles_display\":\"\",\"title_styles_float\":\"\",\"title_styles_show_advanced_css\":\"0\",\"title_styles_advanced\":\"\",\"row_styles_background-color\":\"\",\"row_styles_border\":\"\",\"row_styles_border-style\":\"\",\"row_styles_border-color\":\"\",\"row_styles_color\":\"\",\"row_styles_height\":\"\",\"row_styles_width\":\"\",\"row_styles_font-size\":\"\",\"row_styles_margin\":\"\",\"row_styles_padding\":\"\",\"row_styles_display\":\"\",\"row_styles_show_advanced_css\":\"0\",\"row_styles_advanced\":\"\",\"row-odd_styles_background-color\":\"\",\"row-odd_styles_border\":\"\",\"row-odd_styles_border-style\":\"\",\"row-odd_styles_border-color\":\"\",\"row-odd_styles_color\":\"\",\"row-odd_styles_height\":\"\",\"row-odd_styles_width\":\"\",\"row-odd_styles_font-size\":\"\",\"row-odd_styles_margin\":\"\",\"row-odd_styles_padding\":\"\",\"row-odd_styles_display\":\"\",\"row-odd_styles_show_advanced_css\":\"0\",\"row-odd_styles_advanced\":\"\",\"success-msg_styles_background-color\":\"\",\"success-msg_styles_border\":\"\",\"success-msg_styles_border-style\":\"\",\"success-msg_styles_border-color\":\"\",\"success-msg_styles_color\":\"\",\"success-msg_styles_height\":\"\",\"success-msg_styles_width\":\"\",\"success-msg_styles_font-size\":\"\",\"success-msg_styles_margin\":\"\",\"success-msg_styles_padding\":\"\",\"success-msg_styles_display\":\"\",\"success-msg_styles_show_advanced_css\":\"0\",\"success-msg_styles_advanced\":\"\",\"error_msg_styles_background-color\":\"\",\"error_msg_styles_border\":\"\",\"error_msg_styles_border-style\":\"\",\"error_msg_styles_border-color\":\"\",\"error_msg_styles_color\":\"\",\"error_msg_styles_height\":\"\",\"error_msg_styles_width\":\"\",\"error_msg_styles_font-size\":\"\",\"error_msg_styles_margin\":\"\",\"error_msg_styles_padding\":\"\",\"error_msg_styles_display\":\"\",\"error_msg_styles_show_advanced_css\":\"0\",\"error_msg_styles_advanced\":\"\",\"allow_public_link\":0,\"embed_form\":\"\",\"form_title_heading_level\":\"3\",\"changeEmailErrorMsg\":\"H\\u00e3y nh\\u1eadp m\\u1ed9t \\u0111\\u1ecba ch\\u1ec9 email h\\u1ee3p l\\u1ec7!\",\"changeDateErrorMsg\":\"Please enter a valid date!\",\"confirmFieldErrorMsg\":\"Nh\\u1eefng tr\\u01b0\\u1eddng n\\u00e0y ph\\u1ea3i kh\\u1edbp!\",\"fieldNumberNumMinError\":\"L\\u1ed7i s\\u1ed1 t\\u1ed1i thi\\u1ec3u\",\"fieldNumberNumMaxError\":\"L\\u1ed7i s\\u1ed1 t\\u1ed1i \\u0111a\",\"fieldNumberIncrementBy\":\"H\\u00e3y t\\u0103ng theo \",\"formErrorsCorrectErrors\":\"H\\u00e3y s\\u1eeda l\\u1ed7i tr\\u01b0\\u1edbc khi g\\u1eedi m\\u1eabu n\\u00e0y.\",\"validateRequiredField\":\"\\u0110\\u00e2y l\\u00e0 m\\u1ed9t tr\\u01b0\\u1eddng b\\u1eaft bu\\u1ed9c.\",\"honeypotHoneypotError\":\"L\\u1ed7i Honeypot\",\"fieldsMarkedRequired\":\"C\\u00e1c tr\\u01b0\\u1eddng \\u0111\\u01b0\\u1ee3c \\u0111\\u00e1nh d\\u1ea5u <span class=\\\"ninja-forms-req-symbol\\\">*<\\\/span> l\\u00e0 b\\u1eaft bu\\u1ed9c\",\"currency\":\"\",\"unique_field_error\":\"A form with this value has already been submitted.\",\"drawerDisabled\":false,\"ninjaForms\":\"Ninja Forms\",\"fieldTextareaRTEInsertLink\":\"Ch\\u00e8n li\\u00ean k\\u1ebft\",\"fieldTextareaRTEInsertMedia\":\"Ch\\u00e8n ph\\u01b0\\u01a1ng ti\\u1ec7n\",\"fieldTextareaRTESelectAFile\":\"Ch\\u1ecdn t\\u1eadp tin\",\"formHoneypot\":\"N\\u1ebfu b\\u1ea1n l\\u00e0 ng\\u01b0\\u1eddi \\u0111ang xem tr\\u01b0\\u1eddng n\\u00e0y, h\\u00e3y \\u0111\\u1ec3 tr\\u1ed1ng n\\u00f3.\",\"fileUploadOldCodeFileUploadInProgress\":\"\\u0110ang t\\u1ea3i t\\u1eadp tin l\\u00ean.\",\"fileUploadOldCodeFileUpload\":\"T\\u1ea2I T\\u1eacP TIN L\\u00caN\",\"currencySymbol\":false,\"thousands_sep\":\".\",\"decimal_point\":\",\",\"siteLocale\":\"vi\",\"dateFormat\":\"m\\\/d\\\/Y\",\"startOfWeek\":\"1\",\"of\":\"c\\u1ee7a\",\"previousMonth\":\"Previous Month\",\"nextMonth\":\"Next Month\",\"months\":[\"January\",\"February\",\"March\",\"April\",\"May\",\"June\",\"July\",\"August\",\"September\",\"October\",\"November\",\"December\"],\"monthsShort\":[\"Jan\",\"Feb\",\"Mar\",\"Apr\",\"May\",\"Jun\",\"Jul\",\"Aug\",\"Sep\",\"Oct\",\"Nov\",\"Dec\"],\"weekdays\":[\"Sunday\",\"Monday\",\"Tuesday\",\"Wednesday\",\"Thursday\",\"Friday\",\"Saturday\"],\"weekdaysShort\":[\"Sun\",\"Mon\",\"Tue\",\"Wed\",\"Thu\",\"Fri\",\"Sat\"],\"weekdaysMin\":[\"Su\",\"Mo\",\"Tu\",\"We\",\"Th\",\"Fr\",\"Sa\"],\"recaptchaConsentMissing\":\"reCaptcha validation couldn&#039;t load.\",\"recaptchaMissingCookie\":\"reCaptcha v3 validation couldn&#039;t load the cookie needed to submit the form.\",\"recaptchaConsentEvent\":\"Accept reCaptcha cookies before sending the form.\",\"currency_symbol\":\"\",\"beforeForm\":\"\",\"beforeFields\":\"\",\"afterFields\":\"\",\"afterForm\":\"\"};form.fields=[{\"objectType\":\"Field\",\"objectDomain\":\"fields\",\"editActive\":false,\"order\":1,\"idAttribute\":\"id\",\"label\":\"\",\"key\":\"name\",\"type\":\"textbox\",\"created_at\":\"2016-08-24 16:39:20\",\"label_pos\":\"above\",\"required\":0,\"placeholder\":\"H\\u1ecd V\\u00e0 T\\u00ean\",\"default\":\"\",\"wrapper_class\":\"\",\"element_class\":\"\",\"container_class\":\"\",\"input_limit\":\"\",\"input_limit_type\":\"characters\",\"input_limit_msg\":\"Character(s) left\",\"manual_key\":\"\",\"disable_input\":\"\",\"admin_label\":\"\",\"help_text\":\"\",\"desc_text\":\"\",\"disable_browser_autocomplete\":\"\",\"mask\":\"\",\"custom_mask\":\"\",\"wrap_styles_background-color\":\"\",\"wrap_styles_border\":\"\",\"wrap_styles_border-style\":\"\",\"wrap_styles_border-color\":\"\",\"wrap_styles_color\":\"\",\"wrap_styles_height\":\"\",\"wrap_styles_width\":\"\",\"wrap_styles_font-size\":\"\",\"wrap_styles_margin\":\"\",\"wrap_styles_padding\":\"\",\"wrap_styles_display\":\"\",\"wrap_styles_float\":\"\",\"wrap_styles_show_advanced_css\":0,\"wrap_styles_advanced\":\"\",\"label_styles_background-color\":\"\",\"label_styles_border\":\"\",\"label_styles_border-style\":\"\",\"label_styles_border-color\":\"\",\"label_styles_color\":\"\",\"label_styles_height\":\"\",\"label_styles_width\":\"\",\"label_styles_font-size\":\"\",\"label_styles_margin\":\"\",\"label_styles_padding\":\"\",\"label_styles_display\":\"\",\"label_styles_float\":\"\",\"label_styles_show_advanced_css\":0,\"label_styles_advanced\":\"\",\"element_styles_background-color\":\"\",\"element_styles_border\":\"\",\"element_styles_border-style\":\"\",\"element_styles_border-color\":\"\",\"element_styles_color\":\"\",\"element_styles_height\":\"\",\"element_styles_width\":\"\",\"element_styles_font-size\":\"\",\"element_styles_margin\":\"\",\"element_styles_padding\":\"\",\"element_styles_display\":\"\",\"element_styles_float\":\"\",\"element_styles_show_advanced_css\":0,\"element_styles_advanced\":\"\",\"cellcid\":\"c3277\",\"field_label\":\"Name\",\"field_key\":\"name\",\"custom_name_attribute\":\"\",\"personally_identifiable\":\"\",\"value\":\"\",\"id\":15,\"beforeField\":\"\",\"afterField\":\"\",\"parentType\":\"textbox\",\"element_templates\":[\"textbox\",\"input\"],\"old_classname\":\"\",\"wrap_template\":\"wrap\"},{\"objectType\":\"Field\",\"objectDomain\":\"fields\",\"editActive\":false,\"order\":2,\"idAttribute\":\"id\",\"type\":\"phone\",\"label\":\"\",\"key\":\"phone_1677485050543\",\"label_pos\":\"above\",\"required\":false,\"default\":\"\",\"placeholder\":\"\\u0110i\\u00ea\\u0323n Thoa\\u0323i\",\"container_class\":\"\",\"element_class\":\"\",\"input_limit\":\"\",\"input_limit_type\":\"characters\",\"input_limit_msg\":\"K\\u00fd t\\u1ef1 c\\u00f2n l\\u1ea1i\",\"manual_key\":false,\"admin_label\":\"\",\"help_text\":\"\",\"mask\":\"\",\"custom_mask\":\"\",\"custom_name_attribute\":\"phone\",\"personally_identifiable\":1,\"value\":\"\",\"drawerDisabled\":false,\"id\":19,\"beforeField\":\"\",\"afterField\":\"\",\"parentType\":\"textbox\",\"element_templates\":[\"tel\",\"textbox\",\"input\"],\"old_classname\":\"\",\"wrap_template\":\"wrap\"},{\"objectType\":\"Field\",\"objectDomain\":\"fields\",\"editActive\":false,\"order\":3,\"idAttribute\":\"id\",\"label\":\"\",\"key\":\"email\",\"type\":\"email\",\"created_at\":\"2016-08-24 16:39:20\",\"label_pos\":\"above\",\"required\":0,\"placeholder\":\"Email\",\"default\":\"\",\"wrapper_class\":\"\",\"element_class\":\"\",\"container_class\":\"\",\"admin_label\":\"\",\"help_text\":\"\",\"desc_text\":\"\",\"wrap_styles_background-color\":\"\",\"wrap_styles_border\":\"\",\"wrap_styles_border-style\":\"\",\"wrap_styles_border-color\":\"\",\"wrap_styles_color\":\"\",\"wrap_styles_height\":\"\",\"wrap_styles_width\":\"\",\"wrap_styles_font-size\":\"\",\"wrap_styles_margin\":\"\",\"wrap_styles_padding\":\"\",\"wrap_styles_display\":\"\",\"wrap_styles_float\":\"\",\"wrap_styles_show_advanced_css\":0,\"wrap_styles_advanced\":\"\",\"label_styles_background-color\":\"\",\"label_styles_border\":\"\",\"label_styles_border-style\":\"\",\"label_styles_border-color\":\"\",\"label_styles_color\":\"\",\"label_styles_height\":\"\",\"label_styles_width\":\"\",\"label_styles_font-size\":\"\",\"label_styles_margin\":\"\",\"label_styles_padding\":\"\",\"label_styles_display\":\"\",\"label_styles_float\":\"\",\"label_styles_show_advanced_css\":0,\"label_styles_advanced\":\"\",\"element_styles_background-color\":\"\",\"element_styles_border\":\"\",\"element_styles_border-style\":\"\",\"element_styles_border-color\":\"\",\"element_styles_color\":\"\",\"element_styles_height\":\"\",\"element_styles_width\":\"\",\"element_styles_font-size\":\"\",\"element_styles_margin\":\"\",\"element_styles_padding\":\"\",\"element_styles_display\":\"\",\"element_styles_float\":\"\",\"element_styles_show_advanced_css\":0,\"element_styles_advanced\":\"\",\"cellcid\":\"c3281\",\"field_label\":\"Email\",\"field_key\":\"email\",\"custom_name_attribute\":\"email\",\"personally_identifiable\":1,\"value\":\"\",\"drawerDisabled\":false,\"id\":16,\"beforeField\":\"\",\"afterField\":\"\",\"parentType\":\"email\",\"element_templates\":[\"email\",\"input\"],\"old_classname\":\"\",\"wrap_template\":\"wrap\"},{\"objectType\":\"Field\",\"objectDomain\":\"fields\",\"editActive\":false,\"order\":4,\"idAttribute\":\"id\",\"type\":\"textbox\",\"label\":\"\",\"key\":\"noi_dung_1677485115815\",\"label_pos\":\"above\",\"required\":false,\"default\":\"\",\"placeholder\":\"N\\u1ed9i dung\",\"container_class\":\"\",\"element_class\":\"\",\"input_limit\":\"\",\"input_limit_type\":\"characters\",\"input_limit_msg\":\"K\\u00fd t\\u1ef1 c\\u00f2n l\\u1ea1i\",\"manual_key\":false,\"admin_label\":\"\",\"help_text\":\"\",\"mask\":\"\",\"custom_mask\":\"\",\"custom_name_attribute\":\"\",\"personally_identifiable\":\"\",\"value\":\"\",\"drawerDisabled\":false,\"id\":20,\"beforeField\":\"\",\"afterField\":\"\",\"parentType\":\"textbox\",\"element_templates\":[\"textbox\",\"input\"],\"old_classname\":\"\",\"wrap_template\":\"wrap\"},{\"objectType\":\"Field\",\"objectDomain\":\"fields\",\"editActive\":false,\"order\":5,\"idAttribute\":\"id\",\"label\":\"\\u0110\\u0102NG K\\u00dd NGAY\",\"key\":\"dang_ky_ngay_1677485089928\",\"type\":\"submit\",\"created_at\":\"2016-08-24 16:39:20\",\"processing_label\":\"Processing\",\"container_class\":\"\",\"element_class\":\"\",\"wrap_styles_background-color\":\"\",\"wrap_styles_border\":\"\",\"wrap_styles_border-style\":\"\",\"wrap_styles_border-color\":\"\",\"wrap_styles_color\":\"\",\"wrap_styles_height\":\"\",\"wrap_styles_width\":\"\",\"wrap_styles_font-size\":\"\",\"wrap_styles_margin\":\"\",\"wrap_styles_padding\":\"\",\"wrap_styles_display\":\"\",\"wrap_styles_float\":\"\",\"wrap_styles_show_advanced_css\":0,\"wrap_styles_advanced\":\"\",\"label_styles_background-color\":\"\",\"label_styles_border\":\"\",\"label_styles_border-style\":\"\",\"label_styles_border-color\":\"\",\"label_styles_color\":\"\",\"label_styles_height\":\"\",\"label_styles_width\":\"\",\"label_styles_font-size\":\"\",\"label_styles_margin\":\"\",\"label_styles_padding\":\"\",\"label_styles_display\":\"\",\"label_styles_float\":\"\",\"label_styles_show_advanced_css\":0,\"label_styles_advanced\":\"\",\"element_styles_background-color\":\"\",\"element_styles_border\":\"\",\"element_styles_border-style\":\"\",\"element_styles_border-color\":\"\",\"element_styles_color\":\"\",\"element_styles_height\":\"\",\"element_styles_width\":\"\",\"element_styles_font-size\":\"\",\"element_styles_margin\":\"\",\"element_styles_padding\":\"\",\"element_styles_display\":\"\",\"element_styles_float\":\"\",\"element_styles_show_advanced_css\":0,\"element_styles_advanced\":\"\",\"submit_element_hover_styles_background-color\":\"\",\"submit_element_hover_styles_border\":\"\",\"submit_element_hover_styles_border-style\":\"\",\"submit_element_hover_styles_border-color\":\"\",\"submit_element_hover_styles_color\":\"\",\"submit_element_hover_styles_height\":\"\",\"submit_element_hover_styles_width\":\"\",\"submit_element_hover_styles_font-size\":\"\",\"submit_element_hover_styles_margin\":\"\",\"submit_element_hover_styles_padding\":\"\",\"submit_element_hover_styles_display\":\"\",\"submit_element_hover_styles_float\":\"\",\"submit_element_hover_styles_show_advanced_css\":0,\"submit_element_hover_styles_advanced\":\"\",\"cellcid\":\"c3287\",\"field_label\":\"Submit\",\"field_key\":\"submit\",\"drawerDisabled\":false,\"id\":18,\"beforeField\":\"\",\"afterField\":\"\",\"value\":\"\",\"label_pos\":\"above\",\"parentType\":\"textbox\",\"element_templates\":[\"submit\",\"button\",\"input\"],\"old_classname\":\"\",\"wrap_template\":\"wrap-no-label\"}];nfForms.push(form);<\/script>\n        [mk_padding_divider][\/vc_column][vc_column width=&#8221;2\/3&#8243;][mk_padding_divider][mk_fancy_title margin_bottom=&#8221;0&#8243; font_family=&#8221;none&#8221;]\n<h2 class=\"td_1\" style=\"text-align: center;\"><span style=\"color: #f3a700;\">C\u1ea2M NH\u1eacN KH\u00c1CH H\u00c0NG<\/span><\/h2>\n[\/mk_fancy_title][mk_padding_divider size=&#8221;19&#8243;][mk_testimonials skin=&#8221;light&#8221; text_color=&#8221;#ffffff&#8221; author_color=&#8221;#dd9d3b&#8221; skill_color=&#8221;#dd9d3e&#8221;][mk_padding_divider][\/vc_column][\/vc_row][vc_row][vc_column][mk_padding_divider][mk_fancy_title margin_bottom=&#8221;0&#8243; font_family=&#8221;none&#8221;]\n<h2 class=\"td_1\" style=\"text-align: center;\">TIN T\u1ee8C S\u1ef0 KI\u1ec6N<\/h2>\n[\/mk_fancy_title][vc_single_image image=&#8221;72&#8243; img_size=&#8221;full&#8221; alignment=&#8221;center&#8221;][mk_blog style=&#8221;magazine&#8221; magazine_strcutre=&#8221;2&#8243; post_count=&#8221;6&#8243; orderby=&#8221;none&#8221; cat=&#8221;20&#8243;][\/vc_column][\/vc_row][vc_row][vc_column][mk_padding_divider][mk_fancy_title margin_bottom=&#8221;0&#8243; font_family=&#8221;none&#8221;]\n<h2 class=\"td_1\" style=\"text-align: center;\">PHONG TH\u1ee6Y<\/h2>\n[\/mk_fancy_title][vc_single_image image=&#8221;72&#8243; img_size=&#8221;full&#8221; alignment=&#8221;center&#8221;][mk_blog style=&#8221;spotlight&#8221; column=&#8221;4&#8243; orderby=&#8221;none&#8221; cat=&#8221;21&#8243; exclude_post_format=&#8221;&#8221;][\/vc_column][\/vc_row]\n<\/div>","protected":false},"excerpt":{"rendered":"<p>[vc_row][vc_column][vc_raw_html]JTVCbWFzdGVyc2xpZGVyJTIwaWQlM0QlMjIxJTIyJTVE[\/vc_raw_html][\/vc_column][\/vc_row][vc_row][vc_column][vc_row_inner][vc_column_inner width=&#8221;1\/3&#8243;][mk_padding_divider][vc_icon icon_fontawesome=&#8221;fa fa-gg-circle&#8221; color=&#8221;custom&#8221; background_style=&#8221;rounded-less&#8221; background_color=&#8221;custom&#8221; size=&#8221;xl&#8221; align=&#8221;center&#8221; custom_color=&#8221;#ffffff&#8221; custom_background_color=&#8221;#f3a700&#8243;][vc_column_text css=&#8221;.vc_custom_1739851759660{margin-bottom: 0px !important;}&#8221;] B\u00e1o gi\u00e1 thi\u1ebft k\u1ebf ki\u1ebfn tr\u00fac T\u1eeb th\u00e1ng 1 n\u0103m 2025, X\u00e2y D\u1ef1ng L\u00ea Ho\u00e0ng;ch\u00ednh th\u1ee9c \u00e1p d\u1ee5ng \u0111\u01a1n gi\u00e1 thi\u1ebft k\u1ebf m\u1edbi v\u1edbi 3 lo\u1ea1i \u0111\u01a1n gi\u00e1 thi\u1ebft k\u1ebf ch\u00ednh nh\u01b0 \u0111\u01b0\u1ee3c li\u1ec7t k\u00ea b\u00ean d\u01b0\u1edbi [\/vc_column_text][mk_button size=&#8221;medium&#8221; icon=&#8221;mk-icon-anchor&#8221; url=&#8221;https:\/\/xaydunglehoang.com\/2023\/02\/27\/bao-gia-thi-cong-hoan-thien\/&#8221; [&hellip;]<\/p>\n","protected":false},"author":1,"featured_media":0,"parent":0,"menu_order":0,"comment_status":"closed","ping_status":"closed","template":"","meta":{"footnotes":""},"class_list":["post-5","page","type-page","status-publish","hentry"],"_links":{"self":[{"href":"https:\/\/xaydunglehoang.com\/index.php?rest_route=\/wp\/v2\/pages\/5","targetHints":{"allow":["GET"]}}],"collection":[{"href":"https:\/\/xaydunglehoang.com\/index.php?rest_route=\/wp\/v2\/pages"}],"about":[{"href":"https:\/\/xaydunglehoang.com\/index.php?rest_route=\/wp\/v2\/types\/page"}],"author":[{"embeddable":true,"href":"https:\/\/xaydunglehoang.com\/index.php?rest_route=\/wp\/v2\/users\/1"}],"replies":[{"embeddable":true,"href":"https:\/\/xaydunglehoang.com\/index.php?rest_route=%2Fwp%2Fv2%2Fcomments&post=5"}],"version-history":[{"count":62,"href":"https:\/\/xaydunglehoang.com\/index.php?rest_route=\/wp\/v2\/pages\/5\/revisions"}],"predecessor-version":[{"id":548,"href":"https:\/\/xaydunglehoang.com\/index.php?rest_route=\/wp\/v2\/pages\/5\/revisions\/548"}],"wp:attachment":[{"href":"https:\/\/xaydunglehoang.com\/index.php?rest_route=%2Fwp%2Fv2%2Fmedia&parent=5"}],"curies":[{"name":"wp","href":"https:\/\/api.w.org\/{rel}","templated":true}]}}