{"id":7,"date":"2023-02-24T03:37:21","date_gmt":"2023-02-24T03:37:21","guid":{"rendered":"https:\/\/xaydunglehoang.com\/?page_id=7"},"modified":"2023-02-28T11:21:09","modified_gmt":"2023-02-28T11:21:09","slug":"gioi-thieu","status":"publish","type":"page","link":"https:\/\/xaydunglehoang.com\/?page_id=7","title":{"rendered":"GI\u1edaI THI\u1ec6U"},"content":{"rendered":"<p>\u0110\u1ec3 \u0111\u1eb7t n\u1ec1n m\u00f3ng v\u1eefng ch\u1eafc cho m\u1ed9t c\u00f4ng tr\u00ecnh th\u00ec c\u1ea7n t\u00ecm \u0111\u01b0\u1ee3c m\u1ed9t c\u00f4ng ty x\u00e2y d\u1ef1ng uy t\u00edn. C\u00f4ng ty chuy\u00ean thi\u1ebft k\u1ebf, thi c\u00f4ng c\u00e1c c\u00f4ng tr\u00ecnh d\u00e2n d\u1ee5ng. \u0110\u1eb7c bi\u1ec7t, L\u00ea Ho\u00e0ng c\u00f2n h\u1ed7 tr\u1ee3 b\u1ea1n tr\u1ecdn g\u00f3i c\u00e1c d\u1ecbch v\u1ee5 li\u00ean quan \u0111\u1ebfn x\u00e2y d\u1ef1ng. C\u00f4ng ty cung c\u1ea5p t\u1ea5t c\u1ea3 c\u00e1c d\u1ecbch v\u1ee5 t\u1eeb t\u01b0 v\u1ea5n, thi\u1ebft k\u1ebf, gi\u00e1m s\u00e1t, l\u00e0m h\u1ed3 s\u01a1 xin ph\u00e9p x\u00e2y d\u1ef1ng cho \u0111\u1ebfn thi c\u00f4ng, l\u1eafp \u0111\u1eb7t.<br \/>\nL\u00e0m n\u00ean s\u1ef1 kh\u00e1c bi\u1ec7t trong d\u1ecbch v\u1ee5 c\u1ee7a c\u00f4ng ty l\u00e0 thi c\u00f4ng x\u00e2y d\u1ef1ng d\u00e2n d\u1ee5ng. L\u00ea Ho\u00e0ng \u0111\u00e3 thi c\u00f4ng r\u1ea5t nhi\u1ec1u c\u00f4ng tr\u00ecnh n\u1ed5i ti\u1ebfng nh\u01b0 kh\u00e1ch s\u1ea1n, qu\u00e1n tr\u00e0 s\u1eefa, tr\u01b0\u1eddng m\u1ea7m non,\u2026 Ngo\u00e0i ra, \u0111\u01a1n v\u1ecb c\u00f2n \u0111\u1ea1o t\u1ea1o \u0111\u1ed9i ng\u0169 nh\u00e2n vi\u00ean chuy\u00ean nghi\u1ec7p nh\u1eb1m gi\u00e1m s\u00e1t, \u0111\u1ea3m b\u1ea3o ti\u1ebfn \u0111\u1ed9 d\u1ef1 \u00e1n. Ch\u00ednh v\u00ec th\u1ebf, L\u00ea Ho\u00e0ng lu\u00f4n ho\u00e0n th\u00e0nh c\u00e1c c\u00f4ng tr\u00ecnh \u0111\u00fang ti\u1ebfn \u0111\u1ed9 v\u1edbi ch\u1ea5t l\u01b0\u1ee3ng tuy\u1ec7t v\u1eddi.<br \/>\nC\u00f4ng ty \u0111\u00e3 x\u00e2y d\u1ef1ng h\u00e0ng tr\u0103m d\u1ef1 \u00e1n l\u1edbn nh\u1ecf t\u1ea1i \u0110\u1ed3ng Nai v\u00e0 c\u00e1c t\u1ec9nh th\u00e0nh kh\u00e1c. Kh\u00e1ch h\u00e0ng lu\u00f4n tin t\u01b0\u1edfng L\u00ea Ho\u00e0ng l\u00e0 b\u1edfi v\u00ec t\u00ednh chuy\u00ean nghi\u1ec7p v\u00e0 gi\u1eef l\u1eddi h\u1ee9a c\u1ee7a c\u00f4ng ty. M\u1ed9t khi nh\u1eadn c\u00f4ng tr\u00ecnh n\u00e0o \u0111\u00f3, T\u00edn An s\u1ebd ch\u0103m ch\u00fat, theo d\u00f5i, qu\u1ea3n l\u00fd d\u1ef1 \u00e1n \u0111\u00fang ti\u1ebfn \u0111\u1ed9, kh\u00f4ng ch\u1eadm ch\u1ec5 m\u1ed9t ng\u00e0y n\u00e0o.<\/p>\n","protected":false},"excerpt":{"rendered":"<p>\u0110\u1ec3 \u0111\u1eb7t n\u1ec1n m\u00f3ng v\u1eefng ch\u1eafc cho m\u1ed9t c\u00f4ng tr\u00ecnh th\u00ec c\u1ea7n t\u00ecm \u0111\u01b0\u1ee3c m\u1ed9t c\u00f4ng ty x\u00e2y d\u1ef1ng uy t\u00edn. C\u00f4ng ty chuy\u00ean thi\u1ebft k\u1ebf, thi c\u00f4ng c\u00e1c c\u00f4ng tr\u00ecnh d\u00e2n d\u1ee5ng. \u0110\u1eb7c bi\u1ec7t, L\u00ea Ho\u00e0ng c\u00f2n h\u1ed7 tr\u1ee3 b\u1ea1n tr\u1ecdn g\u00f3i c\u00e1c d\u1ecbch v\u1ee5 li\u00ean quan \u0111\u1ebfn x\u00e2y d\u1ef1ng. C\u00f4ng ty cung c\u1ea5p [&hellip;]<\/p>\n","protected":false},"author":1,"featured_media":0,"parent":0,"menu_order":0,"comment_status":"closed","ping_status":"closed","template":"","meta":{"footnotes":""},"class_list":["post-7","page","type-page","status-publish","hentry"],"_links":{"self":[{"href":"https:\/\/xaydunglehoang.com\/index.php?rest_route=\/wp\/v2\/pages\/7","targetHints":{"allow":["GET"]}}],"collection":[{"href":"https:\/\/xaydunglehoang.com\/index.php?rest_route=\/wp\/v2\/pages"}],"about":[{"href":"https:\/\/xaydunglehoang.com\/index.php?rest_route=\/wp\/v2\/types\/page"}],"author":[{"embeddable":true,"href":"https:\/\/xaydunglehoang.com\/index.php?rest_route=\/wp\/v2\/users\/1"}],"replies":[{"embeddable":true,"href":"https:\/\/xaydunglehoang.com\/index.php?rest_route=%2Fwp%2Fv2%2Fcomments&post=7"}],"version-history":[{"count":3,"href":"https:\/\/xaydunglehoang.com\/index.php?rest_route=\/wp\/v2\/pages\/7\/revisions"}],"predecessor-version":[{"id":286,"href":"https:\/\/xaydunglehoang.com\/index.php?rest_route=\/wp\/v2\/pages\/7\/revisions\/286"}],"wp:attachment":[{"href":"https:\/\/xaydunglehoang.com\/index.php?rest_route=%2Fwp%2Fv2%2Fmedia&parent=7"}],"curies":[{"name":"wp","href":"https:\/\/api.w.org\/{rel}","templated":true}]}}